{"id":1656,"date":"2024-08-13T15:33:36","date_gmt":"2024-08-13T15:33:36","guid":{"rendered":"https:\/\/tgcoin.games\/?page_id=1656"},"modified":"2024-08-13T15:35:48","modified_gmt":"2024-08-13T15:35:48","slug":"disclaimer","status":"publish","type":"page","link":"https:\/\/tgcoin.games\/tr\/disclaimer\/","title":{"rendered":"Sorumluluk Reddi"},"content":{"rendered":"<h2>Yat\u0131r\u0131m Tavsiyesi De\u011fildir<\/h2>\n<p>Bu web sitesindeki i\u00e7erik yaln\u0131zca bilgilendirme ama\u00e7l\u0131d\u0131r ve yat\u0131r\u0131m, finans veya ticaret tavsiyesi olarak de\u011ferlendirilmemelidir. TON Uygulamas\u0131, merkezi olmayan uygulamalar\u0131n kullan\u0131m\u0131n\u0131 desteklemez veya \u00f6nermez.<\/p>\n<h2>Bilgilerin Do\u011frulu\u011fu<\/h2>\n<p>Bu web sitesinde sunulan bilgilerin do\u011fru ve g\u00fcncel olmas\u0131n\u0131 sa\u011flamak i\u00e7in \u00e7aba g\u00f6steriyoruz, ancak i\u00e7eri\u011fin eksiksiz veya g\u00fcvenilir oldu\u011funu garanti edemeyiz. T\u00fcm bilgiler &quot;oldu\u011fu gibi&quot; sunulmaktad\u0131r ve bunlara g\u00fcvenmek tamamen sizin takdirinize ve riskinize ba\u011fl\u0131d\u0131r.<\/p>","protected":false},"excerpt":{"rendered":"<p>Yat\u0131r\u0131m Tavsiyesi De\u011fildir Bu web sitesindeki i\u00e7erik yaln\u0131zca bilgilendirme ama\u00e7l\u0131d\u0131r ve yat\u0131r\u0131m, finans veya ticaret tavsiyesi olarak de\u011ferlendirilmemelidir. TON Uygulamas\u0131, merkezi olmayan uygulamalar\u0131n kullan\u0131m\u0131n\u0131 desteklemez veya \u00f6nermez. Bilgilerin Do\u011frulu\u011fu Bu web sitesinde sa\u011flanan bilgilerin do\u011frulu\u011funu sa\u011flamak i\u00e7in \u00e7abal\u0131yoruz\u2026<\/p>","protected":false},"author":1,"featured_media":0,"parent":0,"menu_order":0,"comment_status":"closed","ping_status":"closed","template":"","meta":{"footnotes":""},"class_list":["post-1656","page","type-page","status-publish","hentry"],"yoast_head":"<!-- This site is optimized with the Yoast SEO plugin v23.5 - https:\/\/yoast.com\/wordpress\/plugins\/seo\/ -->\n<title>Disclaimer - Telegram Games Catalog<\/title>\n<meta name=\"robots\" content=\"index, follow, max-snippet:-1, max-image-preview:large, max-video-preview:-1\" \/>\n<link rel=\"canonical\" href=\"https:\/\/tgcoin.games\/tr\/disclaimer\/\" \/>\n<meta property=\"og:locale\" content=\"tr_TR\" \/>\n<meta property=\"og:type\" content=\"article\" \/>\n<meta property=\"og:title\" content=\"Disclaimer - Telegram Games Catalog\" \/>\n<meta property=\"og:description\" content=\"No Investment Advice The content on this website is intended for informational purposes only and should not be considered as investment, financial, or trading a\" \/>\n<meta property=\"og:url\" content=\"https:\/\/tgcoin.games\/tr\/disclaimer\/\" \/>\n<meta property=\"og:site_name\" content=\"Telegram Games Catalog\" \/>\n<meta property=\"article:modified_time\" content=\"2024-08-13T15:35:48+00:00\" \/>\n<meta property=\"og:image\" content=\"https:\/\/tgcoin.games\/wp-content\/uploads\/2024\/08\/tgcoin.games-Crypto-games-on-Telegram.png\" \/>\n\t<meta property=\"og:image:width\" content=\"1200\" \/>\n\t<meta property=\"og:image:height\" content=\"675\" \/>\n\t<meta property=\"og:image:type\" content=\"image\/png\" \/>\n<meta name=\"twitter:card\" content=\"summary_large_image\" \/>\n<script type=\"application\/ld+json\" class=\"yoast-schema-graph\">{\"@context\":\"https:\/\/schema.org\",\"@graph\":[{\"@type\":\"WebPage\",\"@id\":\"https:\/\/tgcoin.games\/disclaimer\/\",\"url\":\"https:\/\/tgcoin.games\/disclaimer\/\",\"name\":\"Disclaimer - Telegram Games Catalog\",\"isPartOf\":{\"@id\":\"https:\/\/tgcoin.games\/#website\"},\"datePublished\":\"2024-08-13T15:33:36+00:00\",\"dateModified\":\"2024-08-13T15:35:48+00:00\",\"breadcrumb\":{\"@id\":\"https:\/\/tgcoin.games\/disclaimer\/#breadcrumb\"},\"inLanguage\":\"tr\",\"potentialAction\":[{\"@type\":\"ReadAction\",\"target\":[\"https:\/\/tgcoin.games\/disclaimer\/\"]}]},{\"@type\":\"BreadcrumbList\",\"@id\":\"https:\/\/tgcoin.games\/disclaimer\/#breadcrumb\",\"itemListElement\":[{\"@type\":\"ListItem\",\"position\":1,\"name\":\"Telegram games catalog\",\"item\":\"https:\/\/tgcoin.games\/\"},{\"@type\":\"ListItem\",\"position\":2,\"name\":\"Disclaimer\"}]},{\"@type\":\"WebSite\",\"@id\":\"https:\/\/tgcoin.games\/#website\",\"url\":\"https:\/\/tgcoin.games\/\",\"name\":\"tgcoin.games\",\"description\":\"Crypto games on Telegram\",\"publisher\":{\"@id\":\"https:\/\/tgcoin.games\/#organization\"},\"alternateName\":\"Play games on Telegram\",\"potentialAction\":[{\"@type\":\"SearchAction\",\"target\":{\"@type\":\"EntryPoint\",\"urlTemplate\":\"https:\/\/tgcoin.games\/?s={search_term_string}\"},\"query-input\":{\"@type\":\"PropertyValueSpecification\",\"valueRequired\":true,\"valueName\":\"search_term_string\"}}],\"inLanguage\":\"tr\"},{\"@type\":\"Organization\",\"@id\":\"https:\/\/tgcoin.games\/#organization\",\"name\":\"tgcoin.games\",\"url\":\"https:\/\/tgcoin.games\/\",\"logo\":{\"@type\":\"ImageObject\",\"inLanguage\":\"tr\",\"@id\":\"https:\/\/tgcoin.games\/#\/schema\/logo\/image\/\",\"url\":\"https:\/\/tgcoin.games\/wp-content\/uploads\/2024\/08\/tron-logo-e1723114440498.png\",\"contentUrl\":\"https:\/\/tgcoin.games\/wp-content\/uploads\/2024\/08\/tron-logo-e1723114440498.png\",\"width\":721,\"height\":721,\"caption\":\"tgcoin.games\"},\"image\":{\"@id\":\"https:\/\/tgcoin.games\/#\/schema\/logo\/image\/\"}}]}<\/script>\n<!-- \/ Yoast SEO plugin. -->","yoast_head_json":{"title":"Disclaimer - Telegram Games Catalog","robots":{"index":"index","follow":"follow","max-snippet":"max-snippet:-1","max-image-preview":"max-image-preview:large","max-video-preview":"max-video-preview:-1"},"canonical":"https:\/\/tgcoin.games\/tr\/disclaimer\/","og_locale":"tr_TR","og_type":"article","og_title":"Disclaimer - Telegram Games Catalog","og_description":"No Investment Advice The content on this website is intended for informational purposes only and should not be considered as investment, financial, or trading a","og_url":"https:\/\/tgcoin.games\/tr\/disclaimer\/","og_site_name":"Telegram Games Catalog","article_modified_time":"2024-08-13T15:35:48+00:00","og_image":[{"width":1200,"height":675,"url":"https:\/\/tgcoin.games\/wp-content\/uploads\/2024\/08\/tgcoin.games-Crypto-games-on-Telegram.png","type":"image\/png"}],"twitter_card":"summary_large_image","schema":{"@context":"https:\/\/schema.org","@graph":[{"@type":"WebPage","@id":"https:\/\/tgcoin.games\/disclaimer\/","url":"https:\/\/tgcoin.games\/disclaimer\/","name":"Disclaimer - Telegram Games Catalog","isPartOf":{"@id":"https:\/\/tgcoin.games\/#website"},"datePublished":"2024-08-13T15:33:36+00:00","dateModified":"2024-08-13T15:35:48+00:00","breadcrumb":{"@id":"https:\/\/tgcoin.games\/disclaimer\/#breadcrumb"},"inLanguage":"tr","potentialAction":[{"@type":"ReadAction","target":["https:\/\/tgcoin.games\/disclaimer\/"]}]},{"@type":"BreadcrumbList","@id":"https:\/\/tgcoin.games\/disclaimer\/#breadcrumb","itemListElement":[{"@type":"ListItem","position":1,"name":"Telegram games catalog","item":"https:\/\/tgcoin.games\/"},{"@type":"ListItem","position":2,"name":"Disclaimer"}]},{"@type":"WebSite","@id":"https:\/\/tgcoin.games\/#website","url":"https:\/\/tgcoin.games\/","name":"tgcoin.games","description":"Crypto games on Telegram","publisher":{"@id":"https:\/\/tgcoin.games\/#organization"},"alternateName":"Play games on Telegram","potentialAction":[{"@type":"SearchAction","target":{"@type":"EntryPoint","urlTemplate":"https:\/\/tgcoin.games\/?s={search_term_string}"},"query-input":{"@type":"PropertyValueSpecification","valueRequired":true,"valueName":"search_term_string"}}],"inLanguage":"tr"},{"@type":"Organization","@id":"https:\/\/tgcoin.games\/#organization","name":"tgcoin.games","url":"https:\/\/tgcoin.games\/","logo":{"@type":"ImageObject","inLanguage":"tr","@id":"https:\/\/tgcoin.games\/#\/schema\/logo\/image\/","url":"https:\/\/tgcoin.games\/wp-content\/uploads\/2024\/08\/tron-logo-e1723114440498.png","contentUrl":"https:\/\/tgcoin.games\/wp-content\/uploads\/2024\/08\/tron-logo-e1723114440498.png","width":721,"height":721,"caption":"tgcoin.games"},"image":{"@id":"https:\/\/tgcoin.games\/#\/schema\/logo\/image\/"}}]}},"amp_enabled":true,"_links":{"self":[{"href":"https:\/\/tgcoin.games\/tr\/wp-json\/wp\/v2\/pages\/1656"}],"collection":[{"href":"https:\/\/tgcoin.games\/tr\/wp-json\/wp\/v2\/pages"}],"about":[{"href":"https:\/\/tgcoin.games\/tr\/wp-json\/wp\/v2\/types\/page"}],"author":[{"embeddable":true,"href":"https:\/\/tgcoin.games\/tr\/wp-json\/wp\/v2\/users\/1"}],"replies":[{"embeddable":true,"href":"https:\/\/tgcoin.games\/tr\/wp-json\/wp\/v2\/comments?post=1656"}],"version-history":[{"count":2,"href":"https:\/\/tgcoin.games\/tr\/wp-json\/wp\/v2\/pages\/1656\/revisions"}],"predecessor-version":[{"id":1663,"href":"https:\/\/tgcoin.games\/tr\/wp-json\/wp\/v2\/pages\/1656\/revisions\/1663"}],"wp:attachment":[{"href":"https:\/\/tgcoin.games\/tr\/wp-json\/wp\/v2\/media?parent=1656"}],"curies":[{"name":"wp","href":"https:\/\/api.w.org\/{rel}","templated":true}]}}