{"id":1654,"date":"2024-08-13T15:33:27","date_gmt":"2024-08-13T15:33:27","guid":{"rendered":"https:\/\/tgcoin.games\/?page_id=1654"},"modified":"2024-08-13T15:35:20","modified_gmt":"2024-08-13T15:35:20","slug":"about-us","status":"publish","type":"page","link":"https:\/\/tgcoin.games\/tr\/about-us\/","title":{"rendered":"Hakk\u0131m\u0131zda"},"content":{"rendered":"<p>Oyun ve kripto paran\u0131n heyecan verici bir deneyime kusursuz bir \u015fekilde harmanland\u0131\u011f\u0131 en \u00fcst d\u00fczey merkeze ho\u015f geldiniz! Platformumuz, hem oyun hem de kripto para d\u00fcnyas\u0131na derin bir tutkuyla ba\u011fl\u0131, kendini i\u015fine adam\u0131\u015f merakl\u0131lardan olu\u015fan bir ekip taraf\u0131ndan desteklenmektedir. Misyonumuz mu? Size Telegram \u00fczerinden do\u011frudan e\u011flenmeniz ve kripto para kazanman\u0131z i\u00e7in e\u015fsiz f\u0131rsatlar sunmak.<\/p>\n<h2>Vizyonumuz<\/h2>\n<p>Oyun oynamay\u0131 sadece bir e\u011flenceden daha fazlas\u0131 olarak g\u00f6r\u00fcyoruz; becerilerinizin ve ba\u015far\u0131lar\u0131n\u0131z\u0131n ger\u00e7ek d\u00fcnyada faydalar sa\u011flayabilece\u011fi \u00f6d\u00fcllendirici bir yolculuk. Bu nedenle, kripto para kazan\u0131rken s\u00fcr\u00fckleyici bir e\u011flencenin tad\u0131n\u0131 \u00e7\u0131karman\u0131z\u0131 sa\u011flayacak \u00f6zel bir oyun se\u00e7kisi haz\u0131rlad\u0131k. \u00c7e\u015fitli oyun koleksiyonumuz, zeka gerektiren bulmacalardan h\u0131zl\u0131 tempolu stratejilere kadar her t\u00fcrl\u00fc oyuncuya hitap ediyor.<\/p>\n<h2>Neden Bizi Se\u00e7melisiniz?<\/h2>\n<p>Platformumuz, oyun ve kripto para sevgisinden do\u011fdu ve oyun ba\u015far\u0131lar\u0131n\u0131z\u0131 somut \u00f6d\u00fcllere d\u00f6n\u00fc\u015ft\u00fcrme taahh\u00fcd\u00fcm\u00fczle yola \u00e7\u0131kt\u0131. Sitemizdeki her oyunu \u00f6zenle se\u00e7erek, hem en kaliteli e\u011flenceyi hem de kripto para kazanma \u015fans\u0131n\u0131 garantiliyoruz. Bu dijital \u00f6d\u00fcller, de\u011ferli \u00f6d\u00fcllerle de\u011fi\u015ftirilebilir veya gelecekteki oyunlara yat\u0131r\u0131labilir; b\u00f6ylece her kazan\u00e7 de\u011ferli hale gelir.<\/p>\n<h2>Ekibimizle Tan\u0131\u015f\u0131n<\/h2>\n<p>Platformumuzun arkas\u0131nda yetenekli geli\u015ftiriciler, tasar\u0131mc\u0131lar ve blockchain teknolojisi uzmanlar\u0131ndan olu\u015fan bir ekip var. Birlikte, en iyi oyun deneyimlerini sunmak i\u00e7in yorulmadan \u00e7al\u0131\u015f\u0131yor, sitemizi s\u00fcrekli geli\u015ftiriyor ve oyun se\u00e7eneklerimizi geni\u015fletiyoruz; b\u00f6ylece her zaman ke\u015ffedebilece\u011finiz yeni ve \u00f6d\u00fcllendirici bir \u015feyler oluyor.<\/p>\n<h2>Toplulu\u011fumuza Kat\u0131l\u0131n!<\/h2>\n<p>B\u00fcy\u00fcyen oyuncu ve kripto para kazanan toplulu\u011fumuza ho\u015f geldiniz demekten heyecan duyuyoruz. Sitemizi hem oyun hem de kripto para f\u0131rsatlar\u0131 i\u00e7in vazge\u00e7ilmez adresiniz haline getirmeyi hedefliyoruz. Sorular\u0131n\u0131z veya \u00f6nerileriniz mi var? Size yard\u0131mc\u0131 olmak i\u00e7in buraday\u0131z ve geri bildirimlerinizi duymak i\u00e7in sab\u0131rs\u0131zlan\u0131yoruz.<\/p>\n<p>Bizi tercih etti\u011finiz i\u00e7in te\u015fekk\u00fcr ederiz. E\u011flenceye dal\u0131n ve bug\u00fcn kazanmaya ba\u015flay\u0131n!<\/p>","protected":false},"excerpt":{"rendered":"<p>Oyun ve kripto paran\u0131n heyecan verici bir deneyime kusursuz bir \u015fekilde harmanland\u0131\u011f\u0131 en \u00fcst d\u00fczey merkeze ho\u015f geldiniz! Platformumuz, hem oyun hem de kripto para d\u00fcnyas\u0131na derin bir tutkuyla ba\u011fl\u0131, kendini i\u015fine adam\u0131\u015f merakl\u0131lardan olu\u015fan bir ekip taraf\u0131ndan desteklenmektedir. Misyonumuz mu? Size e\u011flenmeniz ve para kazanman\u0131z i\u00e7in e\u015fsiz f\u0131rsatlar sunmak...<\/p>","protected":false},"author":1,"featured_media":0,"parent":0,"menu_order":0,"comment_status":"closed","ping_status":"closed","template":"","meta":{"footnotes":""},"class_list":["post-1654","page","type-page","status-publish","hentry"],"yoast_head":"<!-- This site is optimized with the Yoast SEO plugin v23.5 - https:\/\/yoast.com\/wordpress\/plugins\/seo\/ -->\n<title>About us - Telegram Games Catalog<\/title>\n<meta name=\"robots\" content=\"index, follow, max-snippet:-1, max-image-preview:large, max-video-preview:-1\" \/>\n<link rel=\"canonical\" href=\"https:\/\/tgcoin.games\/tr\/about-us\/\" \/>\n<meta property=\"og:locale\" content=\"tr_TR\" \/>\n<meta property=\"og:type\" content=\"article\" \/>\n<meta property=\"og:title\" content=\"About us - Telegram Games Catalog\" \/>\n<meta property=\"og:description\" content=\"Welcome to the ultimate hub where gaming and cryptocurrency seamlessly blend into an exhilarating experience!\" \/>\n<meta property=\"og:url\" content=\"https:\/\/tgcoin.games\/tr\/about-us\/\" \/>\n<meta property=\"og:site_name\" content=\"Telegram Games Catalog\" \/>\n<meta property=\"article:modified_time\" content=\"2024-08-13T15:35:20+00:00\" \/>\n<meta property=\"og:image\" content=\"https:\/\/tgcoin.games\/wp-content\/uploads\/2024\/08\/tgcoin.games-Crypto-games-on-Telegram.png\" \/>\n\t<meta property=\"og:image:width\" content=\"1200\" \/>\n\t<meta property=\"og:image:height\" content=\"675\" \/>\n\t<meta property=\"og:image:type\" content=\"image\/png\" \/>\n<meta name=\"twitter:card\" content=\"summary_large_image\" \/>\n<meta name=\"twitter:label1\" content=\"Tahmini okuma s\u00fcresi\" \/>\n\t<meta name=\"twitter:data1\" content=\"2 dakika\" \/>\n<script type=\"application\/ld+json\" class=\"yoast-schema-graph\">{\"@context\":\"https:\/\/schema.org\",\"@graph\":[{\"@type\":\"WebPage\",\"@id\":\"https:\/\/tgcoin.games\/about-us\/\",\"url\":\"https:\/\/tgcoin.games\/about-us\/\",\"name\":\"About us - Telegram Games Catalog\",\"isPartOf\":{\"@id\":\"https:\/\/tgcoin.games\/#website\"},\"datePublished\":\"2024-08-13T15:33:27+00:00\",\"dateModified\":\"2024-08-13T15:35:20+00:00\",\"breadcrumb\":{\"@id\":\"https:\/\/tgcoin.games\/about-us\/#breadcrumb\"},\"inLanguage\":\"tr\",\"potentialAction\":[{\"@type\":\"ReadAction\",\"target\":[\"https:\/\/tgcoin.games\/about-us\/\"]}]},{\"@type\":\"BreadcrumbList\",\"@id\":\"https:\/\/tgcoin.games\/about-us\/#breadcrumb\",\"itemListElement\":[{\"@type\":\"ListItem\",\"position\":1,\"name\":\"Telegram games catalog\",\"item\":\"https:\/\/tgcoin.games\/\"},{\"@type\":\"ListItem\",\"position\":2,\"name\":\"About us\"}]},{\"@type\":\"WebSite\",\"@id\":\"https:\/\/tgcoin.games\/#website\",\"url\":\"https:\/\/tgcoin.games\/\",\"name\":\"tgcoin.games\",\"description\":\"Crypto games on Telegram\",\"publisher\":{\"@id\":\"https:\/\/tgcoin.games\/#organization\"},\"alternateName\":\"Play games on Telegram\",\"potentialAction\":[{\"@type\":\"SearchAction\",\"target\":{\"@type\":\"EntryPoint\",\"urlTemplate\":\"https:\/\/tgcoin.games\/?s={search_term_string}\"},\"query-input\":{\"@type\":\"PropertyValueSpecification\",\"valueRequired\":true,\"valueName\":\"search_term_string\"}}],\"inLanguage\":\"tr\"},{\"@type\":\"Organization\",\"@id\":\"https:\/\/tgcoin.games\/#organization\",\"name\":\"tgcoin.games\",\"url\":\"https:\/\/tgcoin.games\/\",\"logo\":{\"@type\":\"ImageObject\",\"inLanguage\":\"tr\",\"@id\":\"https:\/\/tgcoin.games\/#\/schema\/logo\/image\/\",\"url\":\"https:\/\/tgcoin.games\/wp-content\/uploads\/2024\/08\/tron-logo-e1723114440498.png\",\"contentUrl\":\"https:\/\/tgcoin.games\/wp-content\/uploads\/2024\/08\/tron-logo-e1723114440498.png\",\"width\":721,\"height\":721,\"caption\":\"tgcoin.games\"},\"image\":{\"@id\":\"https:\/\/tgcoin.games\/#\/schema\/logo\/image\/\"}}]}<\/script>\n<!-- \/ Yoast SEO plugin. -->","yoast_head_json":{"title":"About us - Telegram Games Catalog","robots":{"index":"index","follow":"follow","max-snippet":"max-snippet:-1","max-image-preview":"max-image-preview:large","max-video-preview":"max-video-preview:-1"},"canonical":"https:\/\/tgcoin.games\/tr\/about-us\/","og_locale":"tr_TR","og_type":"article","og_title":"About us - Telegram Games Catalog","og_description":"Welcome to the ultimate hub where gaming and cryptocurrency seamlessly blend into an exhilarating experience!","og_url":"https:\/\/tgcoin.games\/tr\/about-us\/","og_site_name":"Telegram Games Catalog","article_modified_time":"2024-08-13T15:35:20+00:00","og_image":[{"width":1200,"height":675,"url":"https:\/\/tgcoin.games\/wp-content\/uploads\/2024\/08\/tgcoin.games-Crypto-games-on-Telegram.png","type":"image\/png"}],"twitter_card":"summary_large_image","twitter_misc":{"Tahmini okuma s\u00fcresi":"2 dakika"},"schema":{"@context":"https:\/\/schema.org","@graph":[{"@type":"WebPage","@id":"https:\/\/tgcoin.games\/about-us\/","url":"https:\/\/tgcoin.games\/about-us\/","name":"About us - Telegram Games Catalog","isPartOf":{"@id":"https:\/\/tgcoin.games\/#website"},"datePublished":"2024-08-13T15:33:27+00:00","dateModified":"2024-08-13T15:35:20+00:00","breadcrumb":{"@id":"https:\/\/tgcoin.games\/about-us\/#breadcrumb"},"inLanguage":"tr","potentialAction":[{"@type":"ReadAction","target":["https:\/\/tgcoin.games\/about-us\/"]}]},{"@type":"BreadcrumbList","@id":"https:\/\/tgcoin.games\/about-us\/#breadcrumb","itemListElement":[{"@type":"ListItem","position":1,"name":"Telegram games catalog","item":"https:\/\/tgcoin.games\/"},{"@type":"ListItem","position":2,"name":"About us"}]},{"@type":"WebSite","@id":"https:\/\/tgcoin.games\/#website","url":"https:\/\/tgcoin.games\/","name":"tgcoin.games","description":"Crypto games on Telegram","publisher":{"@id":"https:\/\/tgcoin.games\/#organization"},"alternateName":"Play games on Telegram","potentialAction":[{"@type":"SearchAction","target":{"@type":"EntryPoint","urlTemplate":"https:\/\/tgcoin.games\/?s={search_term_string}"},"query-input":{"@type":"PropertyValueSpecification","valueRequired":true,"valueName":"search_term_string"}}],"inLanguage":"tr"},{"@type":"Organization","@id":"https:\/\/tgcoin.games\/#organization","name":"tgcoin.games","url":"https:\/\/tgcoin.games\/","logo":{"@type":"ImageObject","inLanguage":"tr","@id":"https:\/\/tgcoin.games\/#\/schema\/logo\/image\/","url":"https:\/\/tgcoin.games\/wp-content\/uploads\/2024\/08\/tron-logo-e1723114440498.png","contentUrl":"https:\/\/tgcoin.games\/wp-content\/uploads\/2024\/08\/tron-logo-e1723114440498.png","width":721,"height":721,"caption":"tgcoin.games"},"image":{"@id":"https:\/\/tgcoin.games\/#\/schema\/logo\/image\/"}}]}},"amp_enabled":true,"_links":{"self":[{"href":"https:\/\/tgcoin.games\/tr\/wp-json\/wp\/v2\/pages\/1654"}],"collection":[{"href":"https:\/\/tgcoin.games\/tr\/wp-json\/wp\/v2\/pages"}],"about":[{"href":"https:\/\/tgcoin.games\/tr\/wp-json\/wp\/v2\/types\/page"}],"author":[{"embeddable":true,"href":"https:\/\/tgcoin.games\/tr\/wp-json\/wp\/v2\/users\/1"}],"replies":[{"embeddable":true,"href":"https:\/\/tgcoin.games\/tr\/wp-json\/wp\/v2\/comments?post=1654"}],"version-history":[{"count":2,"href":"https:\/\/tgcoin.games\/tr\/wp-json\/wp\/v2\/pages\/1654\/revisions"}],"predecessor-version":[{"id":1662,"href":"https:\/\/tgcoin.games\/tr\/wp-json\/wp\/v2\/pages\/1654\/revisions\/1662"}],"wp:attachment":[{"href":"https:\/\/tgcoin.games\/tr\/wp-json\/wp\/v2\/media?parent=1654"}],"curies":[{"name":"wp","href":"https:\/\/api.w.org\/{rel}","templated":true}]}}